{"id":791,"date":"2024-07-05T16:34:05","date_gmt":"2024-07-05T14:34:05","guid":{"rendered":"https:\/\/mesondelabradores.com\/?page_id=791"},"modified":"2024-07-12T11:11:53","modified_gmt":"2024-07-12T09:11:53","slug":"politica-de-cookies","status":"publish","type":"page","link":"http:\/\/mesondelabradores.com\/en\/politica-de-cookies\/","title":{"rendered":"Cookie Policy"},"content":{"rendered":"<div data-elementor-type=\"wp-page\" data-elementor-id=\"791\" class=\"elementor elementor-791\" data-elementor-post-type=\"page\">\n\t\t\t\t\t\t<section class=\"elementor-section elementor-top-section elementor-element elementor-element-4b776fc4 elementor-section-boxed elementor-section-height-default elementor-section-height-default\" data-id=\"4b776fc4\" data-element_type=\"section\" data-e-type=\"section\" data-settings=\"{&quot;background_background&quot;:&quot;classic&quot;}\">\n\t\t\t\t\t\t<div class=\"elementor-container elementor-column-gap-default\">\n\t\t\t\t\t<div class=\"elementor-column elementor-col-16 elementor-top-column elementor-element elementor-element-795aaee8\" data-id=\"795aaee8\" data-element_type=\"column\" data-e-type=\"column\">\n\t\t\t<div class=\"elementor-widget-wrap\">\n\t\t\t\t\t\t\t<\/div>\n\t\t<\/div>\n\t\t\t\t<div class=\"elementor-column elementor-col-66 elementor-top-column elementor-element elementor-element-3d91842\" data-id=\"3d91842\" data-element_type=\"column\" data-e-type=\"column\">\n\t\t\t<div class=\"elementor-widget-wrap elementor-element-populated\">\n\t\t\t\t\t\t<div class=\"elementor-element elementor-element-570bd7dc animated-slow elementor-invisible elementor-widget elementor-widget-heading\" data-id=\"570bd7dc\" data-element_type=\"widget\" data-e-type=\"widget\" data-settings=\"{&quot;_animation&quot;:&quot;fadeIn&quot;}\" data-widget_type=\"heading.default\">\n\t\t\t\t<div class=\"elementor-widget-container\">\n\t\t\t\t\t<h1 class=\"elementor-heading-title elementor-size-default\">POL\u00cdTICA DE COOKIES<\/h1>\t\t\t\t<\/div>\n\t\t\t\t<\/div>\n\t\t\t\t<div class=\"elementor-element elementor-element-26c1db2f elementor-invisible elementor-widget elementor-widget-text-editor\" data-id=\"26c1db2f\" data-element_type=\"widget\" data-e-type=\"widget\" data-settings=\"{&quot;_animation&quot;:&quot;fadeIn&quot;}\" data-widget_type=\"text-editor.default\">\n\t\t\t\t<div class=\"elementor-widget-container\">\n\t\t\t\t\t\t\t\t\t<p style=\"font-weight: 400;\">Documento revisado el 6\/07\/2024\u00a0<\/p>\t\t\t\t\t\t\t\t<\/div>\n\t\t\t\t<\/div>\n\t\t\t\t<div class=\"elementor-element elementor-element-5fe27340 elementor-invisible elementor-widget elementor-widget-accordion\" data-id=\"5fe27340\" data-element_type=\"widget\" data-e-type=\"widget\" data-settings=\"{&quot;_animation&quot;:&quot;fadeIn&quot;}\" data-widget_type=\"accordion.default\">\n\t\t\t\t<div class=\"elementor-widget-container\">\n\t\t\t\t\t    <div class=\"elementor-accordion\" role=\"tablist\">\r\n              <div class=\"elementor-accordion-item\">\r\n          <div id=\"elementor-tab-title-1601\" class=\"elementor-tab-title\" data-tab=\"1\" role=\"button\" aria-controls=\"elementor-tab-content-1601\" aria-expanded=\"false\">\r\n                          <span class=\"elementor-accordion-icon elementor-accordion-icon-right\" aria-hidden=\"true\">\r\n                              <span class=\"elementor-accordion-icon-closed\"><svg class=\"e-font-icon-svg e-fas-plus\" viewbox=\"0 0 448 512\" xmlns=\"http:\/\/www.w3.org\/2000\/svg\"><path d=\"M416 208H272V64c0-17.67-14.33-32-32-32h-32c-17.67 0-32 14.33-32 32v144H32c-17.67 0-32 14.33-32 32v32c0 17.67 14.33 32 32 32h144v144c0 17.67 14.33 32 32 32h32c17.67 0 32-14.33 32-32V304h144c17.67 0 32-14.33 32-32v-32c0-17.67-14.33-32-32-32z\"><\/path><\/svg><\/span>\r\n                <span class=\"elementor-accordion-icon-opened\"><svg class=\"e-font-icon-svg e-fas-minus\" viewbox=\"0 0 448 512\" xmlns=\"http:\/\/www.w3.org\/2000\/svg\"><path d=\"M416 208H32c-17.67 0-32 14.33-32 32v32c0 17.67 14.33 32 32 32h384c17.67 0 32-14.33 32-32v-32c0-17.67-14.33-32-32-32z\"><\/path><\/svg><\/span>\r\n                            <\/span>\r\n                        <a class=\"elementor-accordion-title\" tabindex=\"0\">\u00bfQu\u00e9 son las cookies?<\/a>\r\n          <\/div>\r\n          <div id=\"elementor-tab-content-1601\" class=\"elementor-tab-content elementor-clearfix\" data-tab=\"1\" role=\"region\" aria-labelledby=\"elementor-tab-title-1601\"><p>Cookie es un fichero que se descarga en su ordenador al acceder a determinadas p\u00e1ginas web. Las cookies permiten a una p\u00e1gina web, entre otras cosas, almacenar y recuperar informaci\u00f3n sobre los h\u00e1bitos de navegaci\u00f3n de un usuario o de su equipo y, dependiendo de la informaci\u00f3n que contengan y de la forma en que utilice su equipo, pueden utilizarse para reconocer al usuario.<\/p><p>El navegador del usuario memoriza cookies en el disco duro solamente durante la sesi\u00f3n actual ocupando un espacio de memoria m\u00ednimo y no perjudicando al ordenador. Las cookies no contienen ninguna clase de informaci\u00f3n personal espec\u00edfica, y la mayor\u00eda de las mismas se borran del disco duro al finalizar la sesi\u00f3n de navegador (las denominadas cookies de sesi\u00f3n).<\/p><p>La mayor\u00eda de los navegadores aceptan como est\u00e1ndar a las cookies y, con independencia de las mismas, permiten o impiden en los ajustes de seguridad las cookies temporales o memorizadas.<\/p><p>Sin su expreso consentimiento \u2013mediante la activaci\u00f3n de las cookies en su navegador\u2013www.mesondelabradores.com no enlazar\u00e1 en las cookies los datos memorizados con sus datos personales proporcionados en el momento del registro o la compra.<\/p><\/div>\r\n        <\/div>\r\n\r\n              <div class=\"elementor-accordion-item\">\r\n          <div id=\"elementor-tab-title-1602\" class=\"elementor-tab-title\" data-tab=\"2\" role=\"button\" aria-controls=\"elementor-tab-content-1602\" aria-expanded=\"false\">\r\n                          <span class=\"elementor-accordion-icon elementor-accordion-icon-right\" aria-hidden=\"true\">\r\n                              <span class=\"elementor-accordion-icon-closed\"><svg class=\"e-font-icon-svg e-fas-plus\" viewbox=\"0 0 448 512\" xmlns=\"http:\/\/www.w3.org\/2000\/svg\"><path d=\"M416 208H272V64c0-17.67-14.33-32-32-32h-32c-17.67 0-32 14.33-32 32v144H32c-17.67 0-32 14.33-32 32v32c0 17.67 14.33 32 32 32h144v144c0 17.67 14.33 32 32 32h32c17.67 0 32-14.33 32-32V304h144c17.67 0 32-14.33 32-32v-32c0-17.67-14.33-32-32-32z\"><\/path><\/svg><\/span>\r\n                <span class=\"elementor-accordion-icon-opened\"><svg class=\"e-font-icon-svg e-fas-minus\" viewbox=\"0 0 448 512\" xmlns=\"http:\/\/www.w3.org\/2000\/svg\"><path d=\"M416 208H32c-17.67 0-32 14.33-32 32v32c0 17.67 14.33 32 32 32h384c17.67 0 32-14.33 32-32v-32c0-17.67-14.33-32-32-32z\"><\/path><\/svg><\/span>\r\n                            <\/span>\r\n                        <a class=\"elementor-accordion-title\" tabindex=\"0\">\u00bfQu\u00e9 tipos de cookies utiliza esta p\u00e1gina web?<\/a>\r\n          <\/div>\r\n          <div id=\"elementor-tab-content-1602\" class=\"elementor-tab-content elementor-clearfix\" data-tab=\"2\" role=\"region\" aria-labelledby=\"elementor-tab-title-1602\"><p>Cookies t\u00e9cnicas:<\/p><p>Son aqu\u00e9llas que permiten al usuario la navegaci\u00f3n a trav\u00e9s de una p\u00e1gina web, plataforma o aplicaci\u00f3n y la utilizaci\u00f3n de las diferentes opciones o servicios que en ella existan como, por ejemplo, controlar el tr\u00e1fico y la comunicaci\u00f3n de datos, identificar la sesi\u00f3n, acceder a partes de acceso restringido, recordar los elementos que integran un pedido, realizar el proceso de compra de un pedido, realizar la solicitud de inscripci\u00f3n o participaci\u00f3n en un evento, utilizar elementos de seguridad durante la navegaci\u00f3n, almacenar contenidos para la difusi\u00f3n de videos o sonido o compartir contenidos a trav\u00e9s de redes sociales.<\/p><p>Cookies de personalizaci\u00f3n:<\/p><p>Son aqu\u00e9llas que permiten al usuario acceder al servicio con algunas caracter\u00edsticas de car\u00e1cter general predefinidas en funci\u00f3n de una serie de criterios en el terminal del usuario como por ejemplo serian el idioma, el tipo de navegador a trav\u00e9s del cual accede al servicio, la configuraci\u00f3n regional desde donde accede al servicio, etc.<\/p><p>Cookies de an\u00e1lisis:<\/p><p>Son aqu\u00e9llas que bien tratadas por nosotros o por terceros, nos permiten cuantificar el n\u00famero de usuarios y as\u00ed realizar la medici\u00f3n y an\u00e1lisis estad\u00edstico de la utilizaci\u00f3n que hacen los usuarios del servicio ofertado. Para ello se analiza su navegaci\u00f3n en nuestra p\u00e1gina web con el fin de mejorar la oferta de productos o servicios que le ofrecemos.<\/p><p>Cookies publicitarias:<\/p><p>Son aqu\u00e9llas que, bien tratadas por nosotros o por terceros, nos permiten gestionar de la forma m\u00e1s eficaz posible la oferta de los espacios publicitarios que hay en la p\u00e1gina web, adecuando el contenido del anuncio al contenido del servicio solicitado o al uso que realice de nuestra p\u00e1gina web. Para ello podemos analizar sus h\u00e1bitos de navegaci\u00f3n en Internet y podemos mostrarle publicidad relacionada con su perfil de navegaci\u00f3n.<\/p><p>Cookies de publicidad comportamental:<\/p><p>Son aqu\u00e9llas que permiten la gesti\u00f3n, de la forma m\u00e1s eficaz posible, de los espacios publicitarios que, en su caso, el editor haya incluido en una p\u00e1gina web, aplicaci\u00f3n o plataforma desde la que presta el servicio solicitado. Estas cookies almacenan informaci\u00f3n del comportamiento de los usuarios obtenida a trav\u00e9s de la observaci\u00f3n continuada de sus h\u00e1bitos de navegaci\u00f3n, lo que permite desarrollar un perfil espec\u00edfico para mostrar publicidad en funci\u00f3n del mismo.<\/p><p>Cookies de terceros:<\/p><p>El Sitio Web puede utilizar servicios de terceros que recopilaran informaci\u00f3n con fines estad\u00edsticos, de uso del Site por parte del usuario y para la prestaci\u00f3n de otros servicios relacionados con la actividad del Website y otros servicios de Internet.<\/p><\/div>\r\n        <\/div>\r\n\r\n              <div class=\"elementor-accordion-item\">\r\n          <div id=\"elementor-tab-title-1603\" class=\"elementor-tab-title\" data-tab=\"3\" role=\"button\" aria-controls=\"elementor-tab-content-1603\" aria-expanded=\"false\">\r\n                          <span class=\"elementor-accordion-icon elementor-accordion-icon-right\" aria-hidden=\"true\">\r\n                              <span class=\"elementor-accordion-icon-closed\"><svg class=\"e-font-icon-svg e-fas-plus\" viewbox=\"0 0 448 512\" xmlns=\"http:\/\/www.w3.org\/2000\/svg\"><path d=\"M416 208H272V64c0-17.67-14.33-32-32-32h-32c-17.67 0-32 14.33-32 32v144H32c-17.67 0-32 14.33-32 32v32c0 17.67 14.33 32 32 32h144v144c0 17.67 14.33 32 32 32h32c17.67 0 32-14.33 32-32V304h144c17.67 0 32-14.33 32-32v-32c0-17.67-14.33-32-32-32z\"><\/path><\/svg><\/span>\r\n                <span class=\"elementor-accordion-icon-opened\"><svg class=\"e-font-icon-svg e-fas-minus\" viewbox=\"0 0 448 512\" xmlns=\"http:\/\/www.w3.org\/2000\/svg\"><path d=\"M416 208H32c-17.67 0-32 14.33-32 32v32c0 17.67 14.33 32 32 32h384c17.67 0 32-14.33 32-32v-32c0-17.67-14.33-32-32-32z\"><\/path><\/svg><\/span>\r\n                            <\/span>\r\n                        <a class=\"elementor-accordion-title\" tabindex=\"0\">En particular, este sitio Web utiliza:<\/a>\r\n          <\/div>\r\n          <div id=\"elementor-tab-content-1603\" class=\"elementor-tab-content elementor-clearfix\" data-tab=\"3\" role=\"region\" aria-labelledby=\"elementor-tab-title-1603\"><p>Google Analytics, un servicio anal\u00edtico de web prestado por Google, Inc. con domicilio en los Estados Unidos con sede central en 1600 Amphitheatre Parkway, Mountain View, California 94043.\u00a0 Para la prestaci\u00f3n de estos servicios, estos utilizan cookies que recopilan la informaci\u00f3n, incluida la direcci\u00f3n IP del usuario, que ser\u00e1 transmitida, tratada y almacenada por Google en los t\u00e9rminos fijados en la Web Google.com. Incluyendo la posible transmisi\u00f3n de dicha informaci\u00f3n a terceros por razones de exigencia legal o cuando dichos terceros procesen la informaci\u00f3n por cuenta de Google.<\/p><\/div>\r\n        <\/div>\r\n\r\n              <div class=\"elementor-accordion-item\">\r\n          <div id=\"elementor-tab-title-1604\" class=\"elementor-tab-title\" data-tab=\"4\" role=\"button\" aria-controls=\"elementor-tab-content-1604\" aria-expanded=\"false\">\r\n                          <span class=\"elementor-accordion-icon elementor-accordion-icon-right\" aria-hidden=\"true\">\r\n                              <span class=\"elementor-accordion-icon-closed\"><svg class=\"e-font-icon-svg e-fas-plus\" viewbox=\"0 0 448 512\" xmlns=\"http:\/\/www.w3.org\/2000\/svg\"><path d=\"M416 208H272V64c0-17.67-14.33-32-32-32h-32c-17.67 0-32 14.33-32 32v144H32c-17.67 0-32 14.33-32 32v32c0 17.67 14.33 32 32 32h144v144c0 17.67 14.33 32 32 32h32c17.67 0 32-14.33 32-32V304h144c17.67 0 32-14.33 32-32v-32c0-17.67-14.33-32-32-32z\"><\/path><\/svg><\/span>\r\n                <span class=\"elementor-accordion-icon-opened\"><svg class=\"e-font-icon-svg e-fas-minus\" viewbox=\"0 0 448 512\" xmlns=\"http:\/\/www.w3.org\/2000\/svg\"><path d=\"M416 208H32c-17.67 0-32 14.33-32 32v32c0 17.67 14.33 32 32 32h384c17.67 0 32-14.33 32-32v-32c0-17.67-14.33-32-32-32z\"><\/path><\/svg><\/span>\r\n                            <\/span>\r\n                        <a class=\"elementor-accordion-title\" tabindex=\"0\">Desactivar las cookies<\/a>\r\n          <\/div>\r\n          <div id=\"elementor-tab-content-1604\" class=\"elementor-tab-content elementor-clearfix\" data-tab=\"4\" role=\"region\" aria-labelledby=\"elementor-tab-title-1604\"><p>Puede usted permitir, bloquear o eliminar las cookies instaladas en su equipo mediante la configuraci\u00f3n de las opciones del navegador instalado en su ordenador.<\/p><p>A continuaci\u00f3n, puede acceder a la configuraci\u00f3n de los navegadores webs m\u00e1s frecuentes para aceptar, instalar o desactivar las cookies:<\/p><p>Chrome<\/p><p>Explorer<\/p><p>Firefox<\/p><p>Safari<\/p><p>Al desactivar a eliminar las cookies, parte del Sitio Web no funcionar\u00e1 o la calidad de la p\u00e1gina web puede verse afectada.<\/p><p>Si tiene dudas sobre esta pol\u00edtica de cookies, puede contactar con info@mesondelabradores.com<\/p><\/div>\r\n        <\/div>\r\n\r\n                <\/div>\r\n    \t\t\t\t<\/div>\n\t\t\t\t<\/div>\n\t\t\t\t\t<\/div>\n\t\t<\/div>\n\t\t\t\t<div class=\"elementor-column elementor-col-16 elementor-top-column elementor-element elementor-element-1ceae801\" data-id=\"1ceae801\" data-element_type=\"column\" data-e-type=\"column\">\n\t\t\t<div class=\"elementor-widget-wrap\">\n\t\t\t\t\t\t\t<\/div>\n\t\t<\/div>\n\t\t\t\t\t<\/div>\n\t\t<\/section>\n\t\t\t\t<\/div>","protected":false},"excerpt":{"rendered":"<p>POL\u00cdTICA DE COOKIES Documento revisado el 6\/07\/2024\u00a0 \u00bfQu\u00e9 son las cookies? Cookie es un fichero que se descarga en su ordenador al acceder a determinadas p\u00e1ginas web. Las cookies permiten a una p\u00e1gina web, entre otras cosas, almacenar y recuperar informaci\u00f3n sobre los h\u00e1bitos de navegaci\u00f3n de un usuario o de su equipo y, dependiendo [&hellip;]<\/p>\n","protected":false},"author":1,"featured_media":0,"parent":0,"menu_order":0,"comment_status":"closed","ping_status":"closed","template":"","meta":{"footnotes":""},"class_list":["post-791","page","type-page","status-publish","hentry"],"yoast_head":"<!-- This site is optimized with the Yoast SEO Premium plugin v25.6 (Yoast SEO v27.5) - https:\/\/yoast.com\/product\/yoast-seo-premium-wordpress\/ -->\n<title>Pol\u00edtica de Cookies - Mes\u00f3n de Labradores<\/title>\n<meta name=\"robots\" content=\"index, follow, max-snippet:-1, max-image-preview:large, max-video-preview:-1\" \/>\n<link rel=\"canonical\" href=\"https:\/\/mesondelabradores.com\/en\/politica-de-cookies\/\" \/>\n<meta property=\"og:locale\" content=\"en_GB\" \/>\n<meta property=\"og:type\" content=\"article\" \/>\n<meta property=\"og:title\" content=\"Pol\u00edtica de Cookies\" \/>\n<meta property=\"og:description\" content=\"POL\u00cdTICA DE COOKIES Documento revisado el 6\/07\/2024\u00a0 \u00bfQu\u00e9 son las cookies? Cookie es un fichero que se descarga en su ordenador al acceder a determinadas p\u00e1ginas web. Las cookies permiten a una p\u00e1gina web, entre otras cosas, almacenar y recuperar informaci\u00f3n sobre los h\u00e1bitos de navegaci\u00f3n de un usuario o de su equipo y, dependiendo [&hellip;]\" \/>\n<meta property=\"og:url\" content=\"https:\/\/mesondelabradores.com\/en\/politica-de-cookies\/\" \/>\n<meta property=\"og:site_name\" content=\"Mes\u00f3n de Labradores\" \/>\n<meta property=\"article:modified_time\" content=\"2024-07-12T09:11:53+00:00\" \/>\n<meta name=\"twitter:card\" content=\"summary_large_image\" \/>\n<meta name=\"twitter:label1\" content=\"Estimated reading time\" \/>\n\t<meta name=\"twitter:data1\" content=\"4 minutes\" \/>\n<script type=\"application\/ld+json\" class=\"yoast-schema-graph\">{\"@context\":\"https:\\\/\\\/schema.org\",\"@graph\":[{\"@type\":\"WebPage\",\"@id\":\"https:\\\/\\\/mesondelabradores.com\\\/politica-de-cookies\\\/\",\"url\":\"https:\\\/\\\/mesondelabradores.com\\\/politica-de-cookies\\\/\",\"name\":\"Pol\u00edtica de Cookies - Mes\u00f3n de Labradores\",\"isPartOf\":{\"@id\":\"https:\\\/\\\/mesondelabradores.com\\\/#website\"},\"datePublished\":\"2024-07-05T14:34:05+00:00\",\"dateModified\":\"2024-07-12T09:11:53+00:00\",\"breadcrumb\":{\"@id\":\"https:\\\/\\\/mesondelabradores.com\\\/politica-de-cookies\\\/#breadcrumb\"},\"inLanguage\":\"en-GB\",\"potentialAction\":[{\"@type\":\"ReadAction\",\"target\":[\"https:\\\/\\\/mesondelabradores.com\\\/politica-de-cookies\\\/\"]}]},{\"@type\":\"BreadcrumbList\",\"@id\":\"https:\\\/\\\/mesondelabradores.com\\\/politica-de-cookies\\\/#breadcrumb\",\"itemListElement\":[{\"@type\":\"ListItem\",\"position\":1,\"name\":\"Portada\",\"item\":\"https:\\\/\\\/mesondelabradores.com\\\/\"},{\"@type\":\"ListItem\",\"position\":2,\"name\":\"Pol\u00edtica de Cookies\"}]},{\"@type\":\"WebSite\",\"@id\":\"https:\\\/\\\/mesondelabradores.com\\\/#website\",\"url\":\"https:\\\/\\\/mesondelabradores.com\\\/\",\"name\":\"Mes\u00f3n de Labradores\",\"description\":\"Cocina tradicional alicantina desde 1960\",\"publisher\":{\"@id\":\"https:\\\/\\\/mesondelabradores.com\\\/#organization\"},\"potentialAction\":[{\"@type\":\"SearchAction\",\"target\":{\"@type\":\"EntryPoint\",\"urlTemplate\":\"https:\\\/\\\/mesondelabradores.com\\\/?s={search_term_string}\"},\"query-input\":{\"@type\":\"PropertyValueSpecification\",\"valueRequired\":true,\"valueName\":\"search_term_string\"}}],\"inLanguage\":\"en-GB\"},{\"@type\":\"Organization\",\"@id\":\"https:\\\/\\\/mesondelabradores.com\\\/#organization\",\"name\":\"Mes\u00f3n de Labradores\",\"url\":\"https:\\\/\\\/mesondelabradores.com\\\/\",\"logo\":{\"@type\":\"ImageObject\",\"inLanguage\":\"en-GB\",\"@id\":\"https:\\\/\\\/mesondelabradores.com\\\/#\\\/schema\\\/logo\\\/image\\\/\",\"url\":\"https:\\\/\\\/mesondelabradores.com\\\/wp-content\\\/uploads\\\/2024\\\/06\\\/LOGO-Meson-de-Labradores-Blanco.svg\",\"contentUrl\":\"https:\\\/\\\/mesondelabradores.com\\\/wp-content\\\/uploads\\\/2024\\\/06\\\/LOGO-Meson-de-Labradores-Blanco.svg\",\"width\":566,\"height\":238,\"caption\":\"Mes\u00f3n de Labradores\"},\"image\":{\"@id\":\"https:\\\/\\\/mesondelabradores.com\\\/#\\\/schema\\\/logo\\\/image\\\/\"}}]}<\/script>\n<!-- \/ Yoast SEO Premium plugin. -->","yoast_head_json":{"title":"Pol\u00edtica de Cookies - Mes\u00f3n de Labradores","robots":{"index":"index","follow":"follow","max-snippet":"max-snippet:-1","max-image-preview":"max-image-preview:large","max-video-preview":"max-video-preview:-1"},"canonical":"https:\/\/mesondelabradores.com\/en\/politica-de-cookies\/","og_locale":"en_GB","og_type":"article","og_title":"Pol\u00edtica de Cookies","og_description":"POL\u00cdTICA DE COOKIES Documento revisado el 6\/07\/2024\u00a0 \u00bfQu\u00e9 son las cookies? Cookie es un fichero que se descarga en su ordenador al acceder a determinadas p\u00e1ginas web. Las cookies permiten a una p\u00e1gina web, entre otras cosas, almacenar y recuperar informaci\u00f3n sobre los h\u00e1bitos de navegaci\u00f3n de un usuario o de su equipo y, dependiendo [&hellip;]","og_url":"https:\/\/mesondelabradores.com\/en\/politica-de-cookies\/","og_site_name":"Mes\u00f3n de Labradores","article_modified_time":"2024-07-12T09:11:53+00:00","twitter_card":"summary_large_image","twitter_misc":{"Estimated reading time":"4 minutes"},"schema":{"@context":"https:\/\/schema.org","@graph":[{"@type":"WebPage","@id":"https:\/\/mesondelabradores.com\/politica-de-cookies\/","url":"https:\/\/mesondelabradores.com\/politica-de-cookies\/","name":"Pol\u00edtica de Cookies - Mes\u00f3n de Labradores","isPartOf":{"@id":"https:\/\/mesondelabradores.com\/#website"},"datePublished":"2024-07-05T14:34:05+00:00","dateModified":"2024-07-12T09:11:53+00:00","breadcrumb":{"@id":"https:\/\/mesondelabradores.com\/politica-de-cookies\/#breadcrumb"},"inLanguage":"en-GB","potentialAction":[{"@type":"ReadAction","target":["https:\/\/mesondelabradores.com\/politica-de-cookies\/"]}]},{"@type":"BreadcrumbList","@id":"https:\/\/mesondelabradores.com\/politica-de-cookies\/#breadcrumb","itemListElement":[{"@type":"ListItem","position":1,"name":"Portada","item":"https:\/\/mesondelabradores.com\/"},{"@type":"ListItem","position":2,"name":"Pol\u00edtica de Cookies"}]},{"@type":"WebSite","@id":"https:\/\/mesondelabradores.com\/#website","url":"https:\/\/mesondelabradores.com\/","name":"Mes\u00f3n de Labradores","description":"Cocina tradicional alicantina desde 1960","publisher":{"@id":"https:\/\/mesondelabradores.com\/#organization"},"potentialAction":[{"@type":"SearchAction","target":{"@type":"EntryPoint","urlTemplate":"https:\/\/mesondelabradores.com\/?s={search_term_string}"},"query-input":{"@type":"PropertyValueSpecification","valueRequired":true,"valueName":"search_term_string"}}],"inLanguage":"en-GB"},{"@type":"Organization","@id":"https:\/\/mesondelabradores.com\/#organization","name":"Mes\u00f3n de Labradores","url":"https:\/\/mesondelabradores.com\/","logo":{"@type":"ImageObject","inLanguage":"en-GB","@id":"https:\/\/mesondelabradores.com\/#\/schema\/logo\/image\/","url":"https:\/\/mesondelabradores.com\/wp-content\/uploads\/2024\/06\/LOGO-Meson-de-Labradores-Blanco.svg","contentUrl":"https:\/\/mesondelabradores.com\/wp-content\/uploads\/2024\/06\/LOGO-Meson-de-Labradores-Blanco.svg","width":566,"height":238,"caption":"Mes\u00f3n de Labradores"},"image":{"@id":"https:\/\/mesondelabradores.com\/#\/schema\/logo\/image\/"}}]}},"_links":{"self":[{"href":"http:\/\/mesondelabradores.com\/en\/wp-json\/wp\/v2\/pages\/791","targetHints":{"allow":["GET"]}}],"collection":[{"href":"http:\/\/mesondelabradores.com\/en\/wp-json\/wp\/v2\/pages"}],"about":[{"href":"http:\/\/mesondelabradores.com\/en\/wp-json\/wp\/v2\/types\/page"}],"author":[{"embeddable":true,"href":"http:\/\/mesondelabradores.com\/en\/wp-json\/wp\/v2\/users\/1"}],"replies":[{"embeddable":true,"href":"http:\/\/mesondelabradores.com\/en\/wp-json\/wp\/v2\/comments?post=791"}],"version-history":[{"count":10,"href":"http:\/\/mesondelabradores.com\/en\/wp-json\/wp\/v2\/pages\/791\/revisions"}],"predecessor-version":[{"id":853,"href":"http:\/\/mesondelabradores.com\/en\/wp-json\/wp\/v2\/pages\/791\/revisions\/853"}],"wp:attachment":[{"href":"http:\/\/mesondelabradores.com\/en\/wp-json\/wp\/v2\/media?parent=791"}],"curies":[{"name":"wp","href":"https:\/\/api.w.org\/{rel}","templated":true}]}}